{"id":357,"date":"2026-01-06T11:18:22","date_gmt":"2026-01-06T03:18:22","guid":{"rendered":"https:\/\/12zodiacsign.com\/?page_id=357"},"modified":"2026-01-06T11:18:25","modified_gmt":"2026-01-06T03:18:25","slug":"accessibility","status":"publish","type":"page","link":"https:\/\/12zodiacsign.com\/fr\/accessibility\/","title":{"rendered":"Accessibilit\u00e9"},"content":{"rendered":"<h2 class=\"wp-block-heading\">D\u00e9claration d'accessibilit\u00e9 pour 12ZodiacSign<\/h2>\n\n\n\n<p>At <strong>12SigneAstro<\/strong>, nous croyons que l'acc\u00e8s \u00e0 l'information et aux exp\u00e9riences num\u00e9riques devrait \u00eatre disponible pour tout le monde. L'accessibilit\u00e9 est une partie centrale de notre mission consistant \u00e0 \u00e9clairer votre chemin avec clart\u00e9 \u2014 en combinant sagesse astrologique ancienne et donn\u00e9es modernes pour soutenir une prise de d\u00e9cision confiante tant pour la croissance personnelle que pour l insight commercial.<\/p>\n\n\n\n<p>Nous nous engageons \u00e0 veiller \u00e0 ce que notre site web, <strong>12ZodiacSign.com<\/strong>, soit accessible et utilisable pour tous les visiteurs, y compris les personnes en situation de handicap.<\/p>\n\n\n\n<hr class=\"wp-block-separator has-alpha-channel-opacity\"\/>\n\n\n\n<h2 class=\"wp-block-heading\">Notre engagement en mati\u00e8re d'accessibilit\u00e9<\/h2>\n\n\n\n<p>12ZodiacSign s'efforce de se conformer aux <strong>Directives pour l'accessibilit\u00e9 du contenu Web (WCAG) 2.1<\/strong>, Niveau <strong>AA<\/strong>, tel qu'\u00e9tabli par le World Wide Web Consortium (W3C). Ces directives expliquent comment rendre le contenu web plus accessible aux personnes ayant une large gamme de capacit\u00e9s, y compris celles ayant des handicaps visuels, auditifs, cognitifs, moteurs et neurologiques.<\/p>\n\n\n\n<p>L'accessibilit\u00e9 n'est pas un effort unique. C'est un processus continu que nous am\u00e9liorons en permanence \u00e0 mesure que la technologie, les normes et les besoins des utilisateurs \u00e9voluent.<\/p>\n\n\n\n<hr class=\"wp-block-separator has-alpha-channel-opacity\"\/>\n\n\n\n<h2 class=\"wp-block-heading\">Fonctionnalit\u00e9s et pratiques d'accessibilit\u00e9<\/h2>\n\n\n\n<p>Nous travaillons activement \u00e0 am\u00e9liorer l'accessibilit\u00e9 sur l'ensemble de notre site en mettant en \u0153uvre les pratiques suivantes :<\/p>\n\n\n\n<ul class=\"wp-block-list\">\n<li>Texte clair, structur\u00e9 et s\u00e9mantique HTML pour prendre en charge les lecteurs d'\u00e9cran et les technologies d'assistance<\/li>\n\n\n\n<li>Dispositions des pages logiques avec des titres et \u00e9tiquettes significatifs<\/li>\n\n\n\n<li>Navigation au clavier pour les utilisateurs qui ne peuvent pas utiliser une souris<\/li>\n\n\n\n<li>Tailles de police lisibles, contraste de couleurs suffisant et conception responsive pour diff\u00e9rents appareils<\/li>\n\n\n\n<li>Texte alternatif pour les images significatives et le contenu non textuel<\/li>\n\n\n\n<li>Navigation coh\u00e9rente et interactions utilisateur pr\u00e9visibles<\/li>\n\n\n\n<li>Compatible avec les appareils mobiles et les diff\u00e9rents navigateurs<\/li>\n<\/ul>\n\n\n\n<p>Notre objectif est de rendre les insights astrologiques, les pr\u00e9visions et le contenu personnalis\u00e9 faciles d'acc\u00e8s, de compr\u00e9hension et d'interaction \u2014 peu importe votre mode de navigation.<\/p>\n\n\n\n<hr class=\"wp-block-separator has-alpha-channel-opacity\"\/>\n\n\n\n<h2 class=\"wp-block-heading\">Am\u00e9lioration continue<\/h2>\n\n\n\n<p>Nous examinons r\u00e9guli\u00e8rement notre site Web en utilisant une combinaison d'outils automatis\u00e9s, de tests manuels et de meilleures pratiques d'accessibilit\u00e9 afin d'identifier et de r\u00e9soudre les obstacles potentiels. \u00c0 mesure que nous d\u00e9veloppons les fonctionnalit\u00e9s et le contenu, l'accessibilit\u00e9 demeure une consid\u00e9ration cl\u00e9 tout au long de notre processus de conception et de d\u00e9veloppement.<\/p>\n\n\n\n<hr class=\"wp-block-separator has-alpha-channel-opacity\"\/>\n\n\n\n<h2 class=\"wp-block-heading\">Limitations et efforts continus<\/h2>\n\n\n\n<p>Bien que nous nous effor\u00e7ons d'assurer une pleine accessibilit\u00e9 dans tous les domaines de notre site Web, certains contenus ou outils tiers peuvent ne pas encore r\u00e9pondre pleinement \u00e0 toutes les normes d'accessibilit\u00e9. Si vous rencontrez des probl\u00e8mes, sachez que nous prenons vos commentaires au s\u00e9rieux et ferons de notre mieux pour y r\u00e9pondre rapidement.<\/p>\n\n\n\n<hr class=\"wp-block-separator has-alpha-channel-opacity\"\/>\n\n\n\n<h2 class=\"wp-block-heading\">Retour d'information et assistance<\/h2>\n\n\n\n<p>Votre exp\u00e9rience compte pour nous. Si vous \u00e9prouvez des difficult\u00e9s pour acc\u00e9der \u00e0 une partie de notre site Web ou si vous avez des suggestions sur la mani\u00e8re dont nous pouvons am\u00e9liorer l'accessibilit\u00e9, nous vous encourageons \u00e0 nous contacter.<\/p>\n\n\n\n<p><strong>Informations de contact :<\/strong><\/p>\n\n\n\n<ul class=\"wp-block-list\">\n<li>\ud83d\udce7 Email\u00a0: <strong><a>support@12zodiacsign.com<\/a><\/strong><\/li>\n\n\n\n<li>\ud83d\udcde T\u00e9l\u00e9phone : <strong>+86 13954091520<\/strong><\/li>\n<\/ul>\n\n\n\n<p>Nous visons \u00e0 r\u00e9pondre aussi rapidement que possible aux demandes li\u00e9es \u00e0 l'accessibilit\u00e9 et \u00e0 fournir des solutions alternatives lorsque cela est n\u00e9cessaire.<\/p>\n\n\n\n<hr class=\"wp-block-separator has-alpha-channel-opacity\"\/>\n\n\n\n<h2 class=\"wp-block-heading\">Notre vision<\/h2>\n\n\n\n<p>Chez 12ZodiacSign, l'accessibilit\u00e9 s'aligne sur notre philosophie plus g\u00e9n\u00e9rale \u2014 rendre l'astrologie pr\u00e9cise, personnalis\u00e9e et perspicace accessible \u00e0 tous. En donnant la priorit\u00e9 \u00e0 l'inclusivit\u00e9 et \u00e0 l'utilisabilit\u00e9, nous permettons aux utilisateurs du monde entier de d\u00e9bloquer des pr\u00e9dictions significatives et de prendre des d\u00e9cisions \u00e9clair\u00e9es en toute confiance.<\/p>\n\n\n\n<p>Merci de faire partie de la communaut\u00e9 12ZodiacSign.<\/p>","protected":false},"excerpt":{"rendered":"<p>Accessibility Statement for 12ZodiacSign At 12ZodiacSign, we believe that access to information and digital experiences should be available to everyone. [&hellip;]<\/p>\n","protected":false},"author":1,"featured_media":0,"parent":0,"menu_order":0,"comment_status":"closed","ping_status":"closed","template":"","meta":{"site-sidebar-layout":"default","site-content-layout":"","ast-site-content-layout":"default","site-content-style":"default","site-sidebar-style":"default","ast-global-header-display":"","ast-banner-title-visibility":"","ast-main-header-display":"","ast-hfb-above-header-display":"","ast-hfb-below-header-display":"","ast-hfb-mobile-header-display":"","site-post-title":"","ast-breadcrumbs-content":"","ast-featured-img":"","footer-sml-layout":"","ast-disable-related-posts":"","theme-transparent-header-meta":"","adv-header-id-meta":"","stick-header-meta":"","header-above-stick-meta":"","header-main-stick-meta":"","header-below-stick-meta":"","astra-migrate-meta-layouts":"default","ast-page-background-enabled":"default","ast-page-background-meta":{"desktop":{"background-color":"var(--ast-global-color-5)","background-image":"","background-repeat":"repeat","background-position":"center center","background-size":"auto","background-attachment":"scroll","background-type":"","background-media":"","overlay-type":"","overlay-color":"","overlay-opacity":"","overlay-gradient":""},"tablet":{"background-color":"","background-image":"","background-repeat":"repeat","background-position":"center center","background-size":"auto","background-attachment":"scroll","background-type":"","background-media":"","overlay-type":"","overlay-color":"","overlay-opacity":"","overlay-gradient":""},"mobile":{"background-color":"","background-image":"","background-repeat":"repeat","background-position":"center center","background-size":"auto","background-attachment":"scroll","background-type":"","background-media":"","overlay-type":"","overlay-color":"","overlay-opacity":"","overlay-gradient":""}},"ast-content-background-meta":{"desktop":{"background-color":"var(--ast-global-color-4)","background-image":"","background-repeat":"repeat","background-position":"center center","background-size":"auto","background-attachment":"scroll","background-type":"","background-media":"","overlay-type":"","overlay-color":"","overlay-opacity":"","overlay-gradient":""},"tablet":{"background-color":"var(--ast-global-color-4)","background-image":"","background-repeat":"repeat","background-position":"center center","background-size":"auto","background-attachment":"scroll","background-type":"","background-media":"","overlay-type":"","overlay-color":"","overlay-opacity":"","overlay-gradient":""},"mobile":{"background-color":"var(--ast-global-color-4)","background-image":"","background-repeat":"repeat","background-position":"center center","background-size":"auto","background-attachment":"scroll","background-type":"","background-media":"","overlay-type":"","overlay-color":"","overlay-opacity":"","overlay-gradient":""}},"footnotes":""},"class_list":["post-357","page","type-page","status-publish","hentry"],"_links":{"self":[{"href":"https:\/\/12zodiacsign.com\/fr\/wp-json\/wp\/v2\/pages\/357","targetHints":{"allow":["GET"]}}],"collection":[{"href":"https:\/\/12zodiacsign.com\/fr\/wp-json\/wp\/v2\/pages"}],"about":[{"href":"https:\/\/12zodiacsign.com\/fr\/wp-json\/wp\/v2\/types\/page"}],"author":[{"embeddable":true,"href":"https:\/\/12zodiacsign.com\/fr\/wp-json\/wp\/v2\/users\/1"}],"replies":[{"embeddable":true,"href":"https:\/\/12zodiacsign.com\/fr\/wp-json\/wp\/v2\/comments?post=357"}],"version-history":[{"count":1,"href":"https:\/\/12zodiacsign.com\/fr\/wp-json\/wp\/v2\/pages\/357\/revisions"}],"predecessor-version":[{"id":358,"href":"https:\/\/12zodiacsign.com\/fr\/wp-json\/wp\/v2\/pages\/357\/revisions\/358"}],"wp:attachment":[{"href":"https:\/\/12zodiacsign.com\/fr\/wp-json\/wp\/v2\/media?parent=357"}],"curies":[{"name":"wp","href":"https:\/\/api.w.org\/{rel}","templated":true}]}}